{"id":746,"date":"2023-02-20T16:44:25","date_gmt":"2023-02-20T15:44:25","guid":{"rendered":"http:\/\/spaziomare.youelba.com\/escursioni\/"},"modified":"2024-06-07T15:51:09","modified_gmt":"2024-06-07T13:51:09","slug":"ausfluege","status":"publish","type":"page","link":"https:\/\/www.spaziomare.it\/de\/ausfluege\/","title":{"rendered":"Ausfl\u00fcge"},"content":{"rendered":"\t\t<div data-elementor-type=\"wp-page\" data-elementor-id=\"746\" class=\"elementor elementor-746 elementor-312\">\n\t\t\t\t\t\t<section class=\"elementor-section elementor-top-section elementor-element elementor-element-cbfc8b1 elementor-section-stretched elementor-section-boxed elementor-section-height-default elementor-section-height-default\" data-id=\"cbfc8b1\" data-element_type=\"section\" data-e-type=\"section\" data-settings=\"{&quot;stretch_section&quot;:&quot;section-stretched&quot;,&quot;background_background&quot;:&quot;classic&quot;}\">\n\t\t\t\t\t\t<div class=\"elementor-container elementor-column-gap-wider\">\n\t\t\t\t\t<div class=\"elementor-column elementor-col-100 elementor-top-column elementor-element elementor-element-680e8d1\" data-id=\"680e8d1\" data-element_type=\"column\" data-e-type=\"column\">\n\t\t\t<div class=\"elementor-widget-wrap elementor-element-populated\">\n\t\t\t\t\t\t<div class=\"elementor-element elementor-element-c6c11ed elementor-widget elementor-widget-heading\" data-id=\"c6c11ed\" data-element_type=\"widget\" data-e-type=\"widget\" data-widget_type=\"heading.default\">\n\t\t\t\t<div class=\"elementor-widget-container\">\n\t\t\t\t\t<h2 class=\"elementor-heading-title elementor-size-default\">Segel- oder Motorbootausfl\u00fcge<\/h2>\t\t\t\t<\/div>\n\t\t\t\t<\/div>\n\t\t\t\t\t<\/div>\n\t\t<\/div>\n\t\t\t\t\t<\/div>\n\t\t<\/section>\n\t\t\t\t<section class=\"elementor-section elementor-top-section elementor-element elementor-element-d1a1af2 elementor-section-stretched elementor-section-boxed elementor-section-height-default elementor-section-height-default\" data-id=\"d1a1af2\" data-element_type=\"section\" data-e-type=\"section\" data-settings=\"{&quot;stretch_section&quot;:&quot;section-stretched&quot;,&quot;background_background&quot;:&quot;classic&quot;}\">\n\t\t\t\t\t\t<div class=\"elementor-container elementor-column-gap-default\">\n\t\t\t\t\t<div class=\"elementor-column elementor-col-100 elementor-top-column elementor-element elementor-element-eb7b867\" data-id=\"eb7b867\" data-element_type=\"column\" data-e-type=\"column\">\n\t\t\t<div class=\"elementor-widget-wrap elementor-element-populated\">\n\t\t\t\t\t\t<div class=\"elementor-element elementor-element-c7aca2a elementor-widget elementor-widget-text-editor\" data-id=\"c7aca2a\" data-element_type=\"widget\" data-e-type=\"widget\" data-widget_type=\"text-editor.default\">\n\t\t\t\t<div class=\"elementor-widget-container\">\n\t\t\t\t\t\t\t\t\t<p>Wir arbeiten seit drei\u00dfig Jahren in der Vermietung von Motor- und Segelbooten, aber unser Wissen \u00fcber das Gebiet stammt auch aus unserer Neugierde und Liebe zur Insel Elba und ihrer Natur. Deshalb glauben wir, dass wir Ihnen ein geeignetes Angebot f\u00fcr die Familie oder eine kleine Gruppe von Freunden machen k\u00f6nnen, um Sie an diesem wundersch\u00f6nen und morphologisch vielf\u00e4ltigen Gebiet teilhaben zu lassen.<\/p><p>Mit einem 7,5 Meter langen Motor-Schlauchboot haben wir die M\u00f6glichkeit, einen Halbtagesausflug in den s\u00fcdlichen Teil der Insel zu unternehmen. Die Stationen sind das Gebiet Calamita mit seinen Minen und der farbenfrohen, mineralreichen K\u00fcste, die Buchten von Stella und Lacona, mit der Magie von Capo Fonza.<\/p><p>Alternativ k\u00f6nnen Sie den ganzen Tag damit verbringen, die Insel Elba zu umrunden, um die Str\u00e4nde von Cavoli und Fetovaia zu sehen, dann das Wrack von Pomonte zu besichtigen und eine Mittagspause in Sant\u2019Andrea einzulegen, mit seinen sch\u00f6nen Granitfelsen, den wei\u00dfen Str\u00e4nden des Mythos der Argonauten im Gebiet von Portoferraio, um die Ostseite von Cavo bis Porto Azzurro zu erreichen, wo man immer noch die Farben des Eisens und die \u00dcberreste der Minen sehen kann.<\/p>\t\t\t\t\t\t\t\t<\/div>\n\t\t\t\t<\/div>\n\t\t\t\t\t<\/div>\n\t\t<\/div>\n\t\t\t\t\t<\/div>\n\t\t<\/section>\n\t\t\t\t<section class=\"elementor-section elementor-top-section elementor-element elementor-element-b2e50cb elementor-section-stretched elementor-section-boxed elementor-section-height-default elementor-section-height-default\" data-id=\"b2e50cb\" data-element_type=\"section\" data-e-type=\"section\" data-settings=\"{&quot;stretch_section&quot;:&quot;section-stretched&quot;,&quot;background_background&quot;:&quot;classic&quot;}\">\n\t\t\t\t\t\t<div class=\"elementor-container elementor-column-gap-default\">\n\t\t\t\t\t<div class=\"elementor-column elementor-col-100 elementor-top-column elementor-element elementor-element-3d305ce\" data-id=\"3d305ce\" data-element_type=\"column\" data-e-type=\"column\">\n\t\t\t<div class=\"elementor-widget-wrap elementor-element-populated\">\n\t\t\t\t\t\t<div class=\"elementor-element elementor-element-0a53997 elementor-widget elementor-widget-mfn_gallery\" data-id=\"0a53997\" data-element_type=\"widget\" data-e-type=\"widget\" data-widget_type=\"mfn_gallery.default\">\n\t\t\t\t<div class=\"elementor-widget-container\">\n\t\t\t\t\t\n\t\t\t<style type='text\/css'>\n\t\t\t\t#sc_gallery-1 {\n\t\t\t\t\tmargin: auto;\n\t\t\t\t}\n\t\t\t\t#sc_gallery-1 .gallery-item {\n\t\t\t\t\tfloat: left;\n\t\t\t\t\ttext-align: center;\n\t\t\t\t\twidth: 49.99%;\n\t\t\t\t}\n\t\t\t\t#sc_gallery-1 img {\n\t\t\t\t\tborder: 2px solid #cfcfcf;\n\t\t\t\t}\n\t\t\t\t\/* see sc_gallery() in functions\/theme-shortcodes.php *\/\n\t\t\t<\/style>\n\t\t<div id='sc_gallery-1' class='gallery galleryid-746 gallery-columns-2 gallery-size-large file element_classes gallery-default'><dl class='gallery-item'  data-title='Elbable-110' data-description=''><div class='gallery-item-wrapper'>\n\t\t\t\t<dt class='gallery-icon landscape'>\n\t\t\t\t\t<a href='https:\/\/www.spaziomare.it\/wp-content\/uploads\/2023\/02\/Elbable-110.jpg'><img fetchpriority=\"high\" decoding=\"async\" width=\"1024\" height=\"683\" src=\"https:\/\/www.spaziomare.it\/wp-content\/uploads\/2023\/02\/Elbable-110-1024x683.jpg\" class=\"attachment-large size-large\" alt=\"\" srcset=\"https:\/\/www.spaziomare.it\/wp-content\/uploads\/2023\/02\/Elbable-110-1024x683.jpg 1024w, https:\/\/www.spaziomare.it\/wp-content\/uploads\/2023\/02\/Elbable-110-300x200.jpg 300w, https:\/\/www.spaziomare.it\/wp-content\/uploads\/2023\/02\/Elbable-110-768x512.jpg 768w, https:\/\/www.spaziomare.it\/wp-content\/uploads\/2023\/02\/Elbable-110-1536x1024.jpg 1536w, https:\/\/www.spaziomare.it\/wp-content\/uploads\/2023\/02\/Elbable-110-219x146.jpg 219w, https:\/\/www.spaziomare.it\/wp-content\/uploads\/2023\/02\/Elbable-110-50x33.jpg 50w, https:\/\/www.spaziomare.it\/wp-content\/uploads\/2023\/02\/Elbable-110-113x75.jpg 113w, https:\/\/www.spaziomare.it\/wp-content\/uploads\/2023\/02\/Elbable-110.jpg 1920w\" sizes=\"(max-width:767px) 480px, (max-width:1024px) 100vw, 1024px\" \/><\/a>\n\t\t\t\t<\/dt><\/div><\/dl><dl class='gallery-item'  data-title='Elbable-372' data-description=''><div class='gallery-item-wrapper'>\n\t\t\t\t<dt class='gallery-icon landscape'>\n\t\t\t\t\t<a href='https:\/\/www.spaziomare.it\/wp-content\/uploads\/2023\/02\/Elbable-372.jpg'><img decoding=\"async\" width=\"1024\" height=\"683\" src=\"https:\/\/www.spaziomare.it\/wp-content\/uploads\/2023\/02\/Elbable-372-1024x683.jpg\" class=\"attachment-large size-large\" alt=\"\" srcset=\"https:\/\/www.spaziomare.it\/wp-content\/uploads\/2023\/02\/Elbable-372-1024x683.jpg 1024w, https:\/\/www.spaziomare.it\/wp-content\/uploads\/2023\/02\/Elbable-372-300x200.jpg 300w, https:\/\/www.spaziomare.it\/wp-content\/uploads\/2023\/02\/Elbable-372-768x512.jpg 768w, https:\/\/www.spaziomare.it\/wp-content\/uploads\/2023\/02\/Elbable-372-1536x1024.jpg 1536w, https:\/\/www.spaziomare.it\/wp-content\/uploads\/2023\/02\/Elbable-372-219x146.jpg 219w, https:\/\/www.spaziomare.it\/wp-content\/uploads\/2023\/02\/Elbable-372-50x33.jpg 50w, https:\/\/www.spaziomare.it\/wp-content\/uploads\/2023\/02\/Elbable-372-113x75.jpg 113w, https:\/\/www.spaziomare.it\/wp-content\/uploads\/2023\/02\/Elbable-372.jpg 1920w\" sizes=\"(max-width:767px) 480px, (max-width:1024px) 100vw, 1024px\" \/><\/a>\n\t\t\t\t<\/dt><\/div><\/dl><br style=\"clear: both\" \/><dl class='gallery-item'  data-title='Elbable-187' data-description=''><div class='gallery-item-wrapper'>\n\t\t\t\t<dt class='gallery-icon landscape'>\n\t\t\t\t\t<a href='https:\/\/www.spaziomare.it\/wp-content\/uploads\/2023\/02\/Elbable-187.jpg'><img decoding=\"async\" width=\"1024\" height=\"683\" src=\"https:\/\/www.spaziomare.it\/wp-content\/uploads\/2023\/02\/Elbable-187-1024x683.jpg\" class=\"attachment-large size-large\" alt=\"\" srcset=\"https:\/\/www.spaziomare.it\/wp-content\/uploads\/2023\/02\/Elbable-187-1024x683.jpg 1024w, https:\/\/www.spaziomare.it\/wp-content\/uploads\/2023\/02\/Elbable-187-300x200.jpg 300w, https:\/\/www.spaziomare.it\/wp-content\/uploads\/2023\/02\/Elbable-187-768x512.jpg 768w, https:\/\/www.spaziomare.it\/wp-content\/uploads\/2023\/02\/Elbable-187-1536x1024.jpg 1536w, https:\/\/www.spaziomare.it\/wp-content\/uploads\/2023\/02\/Elbable-187-219x146.jpg 219w, https:\/\/www.spaziomare.it\/wp-content\/uploads\/2023\/02\/Elbable-187-50x33.jpg 50w, https:\/\/www.spaziomare.it\/wp-content\/uploads\/2023\/02\/Elbable-187-113x75.jpg 113w, https:\/\/www.spaziomare.it\/wp-content\/uploads\/2023\/02\/Elbable-187.jpg 1920w\" sizes=\"(max-width:767px) 480px, (max-width:1024px) 100vw, 1024px\" \/><\/a>\n\t\t\t\t<\/dt><\/div><\/dl><dl class='gallery-item'  data-title='Elbable-258' data-description=''><div class='gallery-item-wrapper'>\n\t\t\t\t<dt class='gallery-icon landscape'>\n\t\t\t\t\t<a href='https:\/\/www.spaziomare.it\/wp-content\/uploads\/2023\/02\/Elbable-258.jpg'><img loading=\"lazy\" decoding=\"async\" width=\"1024\" height=\"683\" src=\"https:\/\/www.spaziomare.it\/wp-content\/uploads\/2023\/02\/Elbable-258-1024x683.jpg\" class=\"attachment-large size-large\" alt=\"\" srcset=\"https:\/\/www.spaziomare.it\/wp-content\/uploads\/2023\/02\/Elbable-258-1024x683.jpg 1024w, https:\/\/www.spaziomare.it\/wp-content\/uploads\/2023\/02\/Elbable-258-300x200.jpg 300w, https:\/\/www.spaziomare.it\/wp-content\/uploads\/2023\/02\/Elbable-258-768x512.jpg 768w, https:\/\/www.spaziomare.it\/wp-content\/uploads\/2023\/02\/Elbable-258-1536x1024.jpg 1536w, https:\/\/www.spaziomare.it\/wp-content\/uploads\/2023\/02\/Elbable-258-219x146.jpg 219w, https:\/\/www.spaziomare.it\/wp-content\/uploads\/2023\/02\/Elbable-258-50x33.jpg 50w, https:\/\/www.spaziomare.it\/wp-content\/uploads\/2023\/02\/Elbable-258-113x75.jpg 113w, https:\/\/www.spaziomare.it\/wp-content\/uploads\/2023\/02\/Elbable-258.jpg 1920w\" sizes=\"(max-width:767px) 480px, (max-width:1024px) 100vw, 1024px\" \/><\/a>\n\t\t\t\t<\/dt><\/div><\/dl><br style=\"clear: both\" \/>\n\t\t\t<\/div>\n\t\t\t\t<\/div>\n\t\t\t\t<\/div>\n\t\t\t\t\t<\/div>\n\t\t<\/div>\n\t\t\t\t\t<\/div>\n\t\t<\/section>\n\t\t\t\t<section class=\"elementor-section elementor-top-section elementor-element elementor-element-5b9c175 elementor-section-stretched elementor-section-boxed elementor-section-height-default elementor-section-height-default\" data-id=\"5b9c175\" data-element_type=\"section\" data-e-type=\"section\" data-settings=\"{&quot;stretch_section&quot;:&quot;section-stretched&quot;,&quot;background_background&quot;:&quot;classic&quot;}\">\n\t\t\t\t\t\t<div class=\"elementor-container elementor-column-gap-default\">\n\t\t\t\t\t<div class=\"elementor-column elementor-col-100 elementor-top-column elementor-element elementor-element-13be8de\" data-id=\"13be8de\" data-element_type=\"column\" data-e-type=\"column\">\n\t\t\t<div class=\"elementor-widget-wrap elementor-element-populated\">\n\t\t\t\t\t\t<div class=\"elementor-element elementor-element-752f031 elementor-widget elementor-widget-text-editor\" data-id=\"752f031\" data-element_type=\"widget\" data-e-type=\"widget\" data-widget_type=\"text-editor.default\">\n\t\t\t\t<div class=\"elementor-widget-container\">\n\t\t\t\t\t\t\t\t\t<p>F\u00fcr Segelausfl\u00fcge, mit der Grand Soleil 40 \u201eKarab\u00e0\u201c, wird Enrico, ein Segelliebhaber und Bundeslehrer, Sie auf einem Tagesausflug begleiten, Ihnen die Grundlagen des Segelns beibringen und sich in den s\u00fcdlichen Teil der Insel begeben, um einen Badestopp an den Minen von Calamita einzulegen, an Bord zu Mittag zu essen und nach ein paar weiteren Tauchg\u00e4ngen weiterzusegeln, um Delfine zu suchen. Es ist auch m\u00f6glich, Kurse zu belegen, die darauf abzielen, das Segeln zu erlernen oder zu vertiefen, indem ein J80 verwendet wird.<\/p>\t\t\t\t\t\t\t\t<\/div>\n\t\t\t\t<\/div>\n\t\t\t\t\t<\/div>\n\t\t<\/div>\n\t\t\t\t\t<\/div>\n\t\t<\/section>\n\t\t\t\t<\/div>\n\t\t","protected":false},"excerpt":{"rendered":"<p>Segel- oder Motorbootausfl\u00fcge Wir arbeiten seit drei\u00dfig Jahren in der Vermietung von Motor- und Segelbooten, aber unser Wissen \u00fcber das Gebiet stammt auch aus unserer Neugierde<span class=\"excerpt-hellip\"> [\u2026]<\/span><\/p>\n","protected":false},"author":1,"featured_media":0,"parent":0,"menu_order":0,"comment_status":"closed","ping_status":"closed","template":"","meta":{"footnotes":""},"class_list":["post-746","page","type-page","status-publish","hentry"],"_links":{"self":[{"href":"https:\/\/www.spaziomare.it\/de\/wp-json\/wp\/v2\/pages\/746","targetHints":{"allow":["GET"]}}],"collection":[{"href":"https:\/\/www.spaziomare.it\/de\/wp-json\/wp\/v2\/pages"}],"about":[{"href":"https:\/\/www.spaziomare.it\/de\/wp-json\/wp\/v2\/types\/page"}],"author":[{"embeddable":true,"href":"https:\/\/www.spaziomare.it\/de\/wp-json\/wp\/v2\/users\/1"}],"replies":[{"embeddable":true,"href":"https:\/\/www.spaziomare.it\/de\/wp-json\/wp\/v2\/comments?post=746"}],"version-history":[{"count":5,"href":"https:\/\/www.spaziomare.it\/de\/wp-json\/wp\/v2\/pages\/746\/revisions"}],"predecessor-version":[{"id":1053,"href":"https:\/\/www.spaziomare.it\/de\/wp-json\/wp\/v2\/pages\/746\/revisions\/1053"}],"wp:attachment":[{"href":"https:\/\/www.spaziomare.it\/de\/wp-json\/wp\/v2\/media?parent=746"}],"curies":[{"name":"wp","href":"https:\/\/api.w.org\/{rel}","templated":true}]}}