{"id":733,"date":"2023-02-21T14:37:22","date_gmt":"2023-02-21T13:37:22","guid":{"rendered":"http:\/\/spaziomare.youelba.com\/prezzi\/"},"modified":"2026-04-22T10:17:48","modified_gmt":"2026-04-22T08:17:48","slug":"preiseliste","status":"publish","type":"page","link":"https:\/\/www.spaziomare.it\/de\/preiseliste\/","title":{"rendered":"Preiseliste"},"content":{"rendered":"\t\t<div data-elementor-type=\"wp-page\" data-elementor-id=\"733\" class=\"elementor elementor-733 elementor-432\">\n\t\t\t\t\t\t<section class=\"elementor-section elementor-top-section elementor-element elementor-element-de8ce63 elementor-section-stretched elementor-section-boxed elementor-section-height-default elementor-section-height-default\" data-id=\"de8ce63\" data-element_type=\"section\" data-e-type=\"section\" data-settings=\"{&quot;stretch_section&quot;:&quot;section-stretched&quot;,&quot;background_background&quot;:&quot;classic&quot;}\">\n\t\t\t\t\t\t<div class=\"elementor-container elementor-column-gap-wider\">\n\t\t\t\t\t<div class=\"elementor-column elementor-col-100 elementor-top-column elementor-element elementor-element-07da54d\" data-id=\"07da54d\" data-element_type=\"column\" data-e-type=\"column\">\n\t\t\t<div class=\"elementor-widget-wrap elementor-element-populated\">\n\t\t\t\t\t\t<section class=\"elementor-section elementor-inner-section elementor-element elementor-element-6d1377a elementor-section-content-middle elementor-section-boxed elementor-section-height-default elementor-section-height-default\" data-id=\"6d1377a\" data-element_type=\"section\" data-e-type=\"section\" data-settings=\"{&quot;background_background&quot;:&quot;classic&quot;}\">\n\t\t\t\t\t\t<div class=\"elementor-container elementor-column-gap-wider\">\n\t\t\t\t\t<div class=\"elementor-column elementor-col-100 elementor-inner-column elementor-element elementor-element-cc42d89\" data-id=\"cc42d89\" data-element_type=\"column\" data-e-type=\"column\">\n\t\t\t<div class=\"elementor-widget-wrap elementor-element-populated\">\n\t\t\t\t\t\t<div class=\"elementor-element elementor-element-8ef7417 elementor-widget elementor-widget-heading\" data-id=\"8ef7417\" data-element_type=\"widget\" data-e-type=\"widget\" data-widget_type=\"heading.default\">\n\t\t\t\t<div class=\"elementor-widget-container\">\n\t\t\t\t\t<h3 class=\"elementor-heading-title elementor-size-default\">Preiseliste 2026<\/h3>\t\t\t\t<\/div>\n\t\t\t\t<\/div>\n\t\t\t\t<div class=\"elementor-element elementor-element-dd92e6b elementor-widget elementor-widget-text-editor\" data-id=\"dd92e6b\" data-element_type=\"widget\" data-e-type=\"widget\" data-widget_type=\"text-editor.default\">\n\t\t\t\t<div class=\"elementor-widget-container\">\n\t\t\t\t\t\t\t\t\t<table><tbody><tr><th rowspan=\"2\">BOOTE DIE LISTE<\/th><th colspan=\"2\">A<\/th><th colspan=\"2\">B<\/th><th colspan=\"2\">C<\/th><th colspan=\"2\">D<\/th><\/tr><tr><th colspan=\"2\">bis 07\/06<br \/>von 21\/09<\/th><th colspan=\"2\">08\/06 &#8211; 05\/07<br \/>07\/09 &#8211; 20\/09<\/th><th colspan=\"2\">06\/07 &#8211; 02\/08<br \/>24\/08 &#8211; 06\/09<\/th><th colspan=\"2\">03\/08 &#8211; 23\/08<\/th><\/tr><tr><th><strong>BOOTE<\/strong><\/th><td>1\/2<br \/>tag<\/td><td>1<br \/>tag<\/td><td>1\/2<br \/>tag<\/td><td>1<br \/>tag<\/td><td>1\/2<br \/>tag<\/td><td>1<br \/>tag<\/td><td>1\/2<br \/>tag<\/td><td>1<br \/>tag<\/td><\/tr><tr><td><strong>Predator 540<\/strong><br \/>mt. 5,40<br \/>Mercury 40 CV<br \/>(6 pax)<\/td><td>\u20ac 115<\/td><td>\u20ac 160<\/td><td>\u20ac 125<\/td><td>\u20ac 185<\/td><td>\u20ac 140<\/td><td>\u20ac 215<\/td><td>\u20ac 165<\/td><td>\u20ac 255<\/td><\/tr><tr><td><strong>Arimar Pioneer<\/strong><br \/>mt. 5,80<br \/>Mercury 40 CV<br \/>(8 pax)<\/td><td>\u20ac 125<\/td><td>\u20ac 180<\/td><td>\u20ac 135<\/td><td>\u20ac 200<\/td><td>\u20ac 155<\/td><td>\u20ac 235<\/td><td>\u20ac 175<\/td><td>\u20ac 275<\/td><\/tr><tr><td><strong>Salpa 18<\/strong><br \/>mt. 6,00<br \/>Yamaha 40 CV<br \/>(6 pax)<\/td><td>\u20ac 135<\/td><td>\u20ac 200<\/td><td>\u20ac 145<\/td><td>\u20ac 230<\/td><td>\u20ac 165<\/td><td>\u20ac 260<\/td><td>\u20ac 195<\/td><td>\u20ac 310<\/td><\/tr><tr><td><strong>Predator 660<\/strong><br \/>mt. 6,60<br \/>Yamaha 150 CV<br \/>(10 pax)<\/td><td>&#8211;<\/td><td>\u20ac 270<\/td><td>&#8211;<\/td><td>\u20ac 300<\/td><td>&#8211;<\/td><td>\u20ac 360<\/td><td>&#8211;<\/td><td>\u20ac 400<\/td><\/tr><tr><td><strong>Salpa 23<\/strong><br \/>mt. 7,15<br \/>Suzuki 250 CV<br \/>(11 pax)<\/td><td>&#8211;<\/td><td>\u20ac 330<\/td><td>&#8211;<\/td><td>\u20ac 390<\/td><td>&#8211;<\/td><td>\u20ac 450<\/td><td>&#8211;<\/td><td>\u20ac 500<\/td><\/tr><tr><td><strong>BARCHE &#8211; BOATS<\/strong><\/td><td>1\/2<br \/>tag<\/td><td>1<br \/>tag<\/td><td>1\/2<br \/>tag<\/td><td>1<br \/>tag<\/td><td>1\/2<br \/>tag<\/td><td>1<br \/>tag<\/td><td>1\/2<br \/>tag<\/td><td>1<br \/>tag<\/td><\/tr><tr><td><strong>Idea 53<\/strong><br \/>mt. 5,30<br \/>Suzuki 40 CV<br \/>(6 pax)<\/td><td>\u20ac 115<\/td><td>\u20ac 160<\/td><td>\u20ac 125<\/td><td>\u20ac 185<\/td><td>\u20ac 145<\/td><td>\u20ac 215<\/td><td>\u20ac 165<\/td><td>\u20ac 255<\/td><\/tr><tr><td><strong>Ranieri 19<\/strong><br \/>mt. 5,65<br \/>Suzuki 40 CV<br \/>(6 pax)<\/td><td>\u20ac 120<\/td><td>\u20ac 170<\/td><td>\u20ac 130<\/td><td>\u20ac 190<\/td><td>\u20ac 150<\/td><td>\u20ac 230<\/td><td>\u20ac 175<\/td><td>\u20ac 275<\/td><\/tr><tr><td><strong>Saver 19<\/strong><br \/>mt. 5,75<br \/>Mercury 40 CV<br \/>(5 pax)<\/td><td>\u20ac 125<\/td><td>\u20ac 180<\/td><td>\u20ac 135<\/td><td>\u20ac 200<\/td><td>\u20ac 155<\/td><td>\u20ac 240<\/td><td>\u20ac 180<\/td><td>\u20ac 280<\/td><\/tr><tr><td><strong>Saver 22<\/strong><br \/>mt. 6,60<br \/>Suzuki 175 CV<br \/>(8 pax)<\/td><td>&#8211;<\/td><td>\u20ac 300<\/td><td>&#8211;<\/td><td>\u20ac 340<\/td><td>&#8211;<\/td><td>\u20ac 390<\/td><td>&#8211;<\/td><td>\u20ac 430<\/td><\/tr><\/tbody><\/table>\t\t\t\t\t\t\t\t<\/div>\n\t\t\t\t<\/div>\n\t\t\t\t<div class=\"elementor-element elementor-element-527b004 elementor-widget elementor-widget-text-editor\" data-id=\"527b004\" data-element_type=\"widget\" data-e-type=\"widget\" data-widget_type=\"text-editor.default\">\n\t\t\t\t<div class=\"elementor-widget-container\">\n\t\t\t\t\t\t\t\t\t<h5>GANZER TAG:<\/h5><p>von 9:00 bis 18:00 Uhr<\/p><h5>HALBER TAG:<\/h5><p>VORMITTAG von 9:00 bis 13:00 Uhr<br \/>NACHMITTAG von 14.00 bis 18.00 Uhr<\/p>\t\t\t\t\t\t\t\t<\/div>\n\t\t\t\t<\/div>\n\t\t\t\t\t<\/div>\n\t\t<\/div>\n\t\t\t\t\t<\/div>\n\t\t<\/section>\n\t\t\t\t<section class=\"elementor-section elementor-inner-section elementor-element elementor-element-9f1f7ac elementor-section-content-middle elementor-section-boxed elementor-section-height-default elementor-section-height-default\" data-id=\"9f1f7ac\" data-element_type=\"section\" data-e-type=\"section\" data-settings=\"{&quot;background_background&quot;:&quot;classic&quot;}\">\n\t\t\t\t\t\t<div class=\"elementor-container elementor-column-gap-wider\">\n\t\t\t\t\t<div class=\"elementor-column elementor-col-100 elementor-inner-column elementor-element elementor-element-0d78fc4\" data-id=\"0d78fc4\" data-element_type=\"column\" data-e-type=\"column\">\n\t\t\t<div class=\"elementor-widget-wrap elementor-element-populated\">\n\t\t\t\t\t\t<div class=\"elementor-element elementor-element-369bed9 elementor-widget elementor-widget-heading\" data-id=\"369bed9\" data-element_type=\"widget\" data-e-type=\"widget\" data-widget_type=\"heading.default\">\n\t\t\t\t<div class=\"elementor-widget-container\">\n\t\t\t\t\t<h5 class=\"elementor-heading-title elementor-size-default\">Erm\u00e4\u00dfigungen f\u00fcr Boote und Schlauchboote<\/h5>\t\t\t\t<\/div>\n\t\t\t\t<\/div>\n\t\t\t\t<div class=\"elementor-element elementor-element-34d40e5 elementor-widget elementor-widget-text-editor\" data-id=\"34d40e5\" data-element_type=\"widget\" data-e-type=\"widget\" data-widget_type=\"text-editor.default\">\n\t\t\t\t<div class=\"elementor-widget-container\">\n\t\t\t\t\t\t\t\t\t<table>\n<tbody>\n<tr>\n<th colspan=\"2\">In den Zeitr\u00e4umen a und b<\/th>\n<\/tr>\n<tr>\n<td>2 tage<\/td>\n<td>10%<\/td>\n<\/tr>\n<tr>\n<td>3 tage<\/td>\n<td>15%<\/td>\n<\/tr>\n<tr>\n<td>5 tage<\/td>\n<td>20%<\/td>\n<\/tr>\n<tr>\n<td>7 tage<\/td>\n<td>25%<\/td>\n<\/tr>\n<\/tbody>\n<\/table>\t\t\t\t\t\t\t\t<\/div>\n\t\t\t\t<\/div>\n\t\t\t\t\t<\/div>\n\t\t<\/div>\n\t\t\t\t\t<\/div>\n\t\t<\/section>\n\t\t\t\t<section class=\"elementor-section elementor-inner-section elementor-element elementor-element-d3ae253 elementor-section-content-middle elementor-section-boxed elementor-section-height-default elementor-section-height-default\" data-id=\"d3ae253\" data-element_type=\"section\" data-e-type=\"section\" data-settings=\"{&quot;background_background&quot;:&quot;classic&quot;}\">\n\t\t\t\t\t\t<div class=\"elementor-container elementor-column-gap-wider\">\n\t\t\t\t\t<div class=\"elementor-column elementor-col-100 elementor-inner-column elementor-element elementor-element-2eea998\" data-id=\"2eea998\" data-element_type=\"column\" data-e-type=\"column\">\n\t\t\t<div class=\"elementor-widget-wrap elementor-element-populated\">\n\t\t\t\t\t\t<div class=\"elementor-element elementor-element-7dfdc64 elementor-widget elementor-widget-heading\" data-id=\"7dfdc64\" data-element_type=\"widget\" data-e-type=\"widget\" data-widget_type=\"heading.default\">\n\t\t\t\t<div class=\"elementor-widget-container\">\n\t\t\t\t\t<h4 class=\"elementor-heading-title elementor-size-default\">Grand Soleil 40 - Karab<\/h4>\t\t\t\t<\/div>\n\t\t\t\t<\/div>\n\t\t\t\t<div class=\"elementor-element elementor-element-8c495c8 elementor-widget elementor-widget-text-editor\" data-id=\"8c495c8\" data-element_type=\"widget\" data-e-type=\"widget\" data-widget_type=\"text-editor.default\">\n\t\t\t\t<div class=\"elementor-widget-container\">\n\t\t\t\t\t\t\t\t\t&nbsp;\n<table>\n<tbody>\n<tr>\n<td colspan=\"2\">Preise pro Woche<\/td>\n<\/tr>\n<tr>\n<td>von 01.01 bis 14.05<\/td>\n<td>2.000,00<\/td>\n<\/tr>\n<tr>\n<td>von 14.05 bis 28.05<\/td>\n<td>2.150,00<\/td>\n<\/tr>\n<tr>\n<td>von 29.05 bis 11.06<\/td>\n<td>2.300,00<\/td>\n<\/tr>\n<tr>\n<td>von 11.06 bis 09.07<\/td>\n<td>2.500,00<\/td>\n<\/tr>\n<tr>\n<td>von 09.07 bis 30.07<\/td>\n<td>2.850,00<\/td>\n<\/tr>\n<tr>\n<td>von 30.07 bis 20.08<\/td>\n<td>3.300,00<\/td>\n<\/tr>\n<tr>\n<td>von 20.08 bis 03.09<\/td>\n<td>2.850,00<\/td>\n<\/tr>\n<tr>\n<td>von 03.09 bis 17.09<\/td>\n<td>2.500,00<\/td>\n<\/tr>\n<tr>\n<td>von 17.09 bis 01.10<\/td>\n<td>2.300,00<\/td>\n<\/tr>\n<tr>\n<td>von 01.10 bis 31.12<\/td>\n<td>2.150,00<\/td>\n<\/tr>\n<\/tbody>\n<\/table>\t\t\t\t\t\t\t\t<\/div>\n\t\t\t\t<\/div>\n\t\t\t\t<div class=\"elementor-element elementor-element-86fe5ed elementor-widget elementor-widget-text-editor\" data-id=\"86fe5ed\" data-element_type=\"widget\" data-e-type=\"widget\" data-widget_type=\"text-editor.default\">\n\t\t\t\t<div class=\"elementor-widget-container\">\n\t\t\t\t\t\t\t\t\t<p><strong>KAUTION:<\/strong> \u20ac 2.000,00.<br \/><strong>IM PREIS ENTHALTEN<\/strong>: Autopilot, GPS, CD und Stereoanlage, Beiboot, Haftpflicht- und Kasko-Versicherung.<\/p><p><strong>OPTIONSSCHEINE pro Woche:<\/strong><br \/>SKIPPER&#8217;S ASSISTANCE \u20ac 1.100,00, OUTBOARD \u20ac 70,00 LENZULA \u20ac 10,00 pax, TOWELS \u20ac 10,00 pax, FINAL CLEANING \u20ac 100,00.<\/p><p><strong>DISCOUNT:<\/strong> 2 wochen -5%; 3 wochen -10%.<\/p><p><strong>WOCHE<\/strong><br \/>CHECK IN SAMSTAG H. 18,00.<br \/>CHECK OUT FREITAG H. 18,00 R<b>\u00dc<\/b>CKKEHR (SAMSTAG h. 09,00 ANLANDUNG).<\/p>\t\t\t\t\t\t\t\t<\/div>\n\t\t\t\t<\/div>\n\t\t\t\t\t<\/div>\n\t\t<\/div>\n\t\t\t\t\t<\/div>\n\t\t<\/section>\n\t\t\t\t\t<\/div>\n\t\t<\/div>\n\t\t\t\t\t<\/div>\n\t\t<\/section>\n\t\t\t\t<\/div>\n\t\t","protected":false},"excerpt":{"rendered":"<p>Preiseliste 2026 BOOTE DIE LISTE A B C D bis 07\/06von 21\/09 08\/06 &#8211; 05\/0707\/09 &#8211; 20\/09 06\/07 &#8211; 02\/0824\/08 &#8211; 06\/09 03\/08 &#8211; 23\/08 BOOTE<span class=\"excerpt-hellip\"> [\u2026]<\/span><\/p>\n","protected":false},"author":1,"featured_media":0,"parent":0,"menu_order":0,"comment_status":"closed","ping_status":"closed","template":"","meta":{"footnotes":""},"class_list":["post-733","page","type-page","status-publish","hentry"],"_links":{"self":[{"href":"https:\/\/www.spaziomare.it\/de\/wp-json\/wp\/v2\/pages\/733","targetHints":{"allow":["GET"]}}],"collection":[{"href":"https:\/\/www.spaziomare.it\/de\/wp-json\/wp\/v2\/pages"}],"about":[{"href":"https:\/\/www.spaziomare.it\/de\/wp-json\/wp\/v2\/types\/page"}],"author":[{"embeddable":true,"href":"https:\/\/www.spaziomare.it\/de\/wp-json\/wp\/v2\/users\/1"}],"replies":[{"embeddable":true,"href":"https:\/\/www.spaziomare.it\/de\/wp-json\/wp\/v2\/comments?post=733"}],"version-history":[{"count":8,"href":"https:\/\/www.spaziomare.it\/de\/wp-json\/wp\/v2\/pages\/733\/revisions"}],"predecessor-version":[{"id":1172,"href":"https:\/\/www.spaziomare.it\/de\/wp-json\/wp\/v2\/pages\/733\/revisions\/1172"}],"wp:attachment":[{"href":"https:\/\/www.spaziomare.it\/de\/wp-json\/wp\/v2\/media?parent=733"}],"curies":[{"name":"wp","href":"https:\/\/api.w.org\/{rel}","templated":true}]}}