{"id":721,"date":"2020-10-05T12:47:31","date_gmt":"2020-10-05T10:47:31","guid":{"rendered":"http:\/\/spaziomare.youelba.com\/chi-siamo\/"},"modified":"2023-02-28T13:41:19","modified_gmt":"2023-02-28T12:41:19","slug":"unser-team","status":"publish","type":"page","link":"https:\/\/www.spaziomare.it\/de\/unser-team\/","title":{"rendered":"Unser Team"},"content":{"rendered":"\t\t<div data-elementor-type=\"wp-page\" data-elementor-id=\"721\" class=\"elementor elementor-721 elementor-12\">\n\t\t\t\t\t\t<section class=\"elementor-section elementor-top-section elementor-element elementor-element-de8ce63 elementor-section-stretched elementor-section-boxed elementor-section-height-default elementor-section-height-default\" data-id=\"de8ce63\" data-element_type=\"section\" data-e-type=\"section\" data-settings=\"{&quot;stretch_section&quot;:&quot;section-stretched&quot;,&quot;background_background&quot;:&quot;classic&quot;}\">\n\t\t\t\t\t\t<div class=\"elementor-container elementor-column-gap-wider\">\n\t\t\t\t\t<div class=\"elementor-column elementor-col-100 elementor-top-column elementor-element elementor-element-07da54d\" data-id=\"07da54d\" data-element_type=\"column\" data-e-type=\"column\">\n\t\t\t<div class=\"elementor-widget-wrap elementor-element-populated\">\n\t\t\t\t\t\t<section class=\"elementor-section elementor-inner-section elementor-element elementor-element-6d1377a elementor-section-content-middle elementor-section-boxed elementor-section-height-default elementor-section-height-default\" data-id=\"6d1377a\" data-element_type=\"section\" data-e-type=\"section\" data-settings=\"{&quot;background_background&quot;:&quot;classic&quot;}\">\n\t\t\t\t\t\t<div class=\"elementor-container elementor-column-gap-wider\">\n\t\t\t\t\t<div class=\"elementor-column elementor-col-50 elementor-inner-column elementor-element elementor-element-eda6466\" data-id=\"eda6466\" data-element_type=\"column\" data-e-type=\"column\">\n\t\t\t<div class=\"elementor-widget-wrap elementor-element-populated\">\n\t\t\t\t\t\t<div class=\"elementor-element elementor-element-74f322a elementor-widget elementor-widget-image\" data-id=\"74f322a\" data-element_type=\"widget\" data-e-type=\"widget\" data-widget_type=\"image.default\">\n\t\t\t\t<div class=\"elementor-widget-container\">\n\t\t\t\t\t\t\t\t\t\t\t\t\t\t\t<img fetchpriority=\"high\" decoding=\"async\" width=\"1920\" height=\"1365\" src=\"https:\/\/www.spaziomare.it\/wp-content\/uploads\/2023\/02\/cartina_elba.jpg\" class=\"attachment-full size-full wp-image-713\" alt=\"\" srcset=\"https:\/\/www.spaziomare.it\/wp-content\/uploads\/2023\/02\/cartina_elba.jpg 1920w, https:\/\/www.spaziomare.it\/wp-content\/uploads\/2023\/02\/cartina_elba-300x213.jpg 300w, https:\/\/www.spaziomare.it\/wp-content\/uploads\/2023\/02\/cartina_elba-1024x728.jpg 1024w, https:\/\/www.spaziomare.it\/wp-content\/uploads\/2023\/02\/cartina_elba-768x546.jpg 768w, https:\/\/www.spaziomare.it\/wp-content\/uploads\/2023\/02\/cartina_elba-1536x1092.jpg 1536w, https:\/\/www.spaziomare.it\/wp-content\/uploads\/2023\/02\/cartina_elba-205x146.jpg 205w, https:\/\/www.spaziomare.it\/wp-content\/uploads\/2023\/02\/cartina_elba-50x36.jpg 50w, https:\/\/www.spaziomare.it\/wp-content\/uploads\/2023\/02\/cartina_elba-105x75.jpg 105w\" sizes=\"(max-width:767px) 480px, (max-width:1920px) 100vw, 1920px\" \/>\t\t\t\t\t\t\t\t\t\t\t\t\t\t\t<\/div>\n\t\t\t\t<\/div>\n\t\t\t\t\t<\/div>\n\t\t<\/div>\n\t\t\t\t<div class=\"elementor-column elementor-col-50 elementor-inner-column elementor-element elementor-element-cc42d89\" data-id=\"cc42d89\" data-element_type=\"column\" data-e-type=\"column\">\n\t\t\t<div class=\"elementor-widget-wrap elementor-element-populated\">\n\t\t\t\t\t\t<div class=\"elementor-element elementor-element-8ef7417 elementor-widget elementor-widget-heading\" data-id=\"8ef7417\" data-element_type=\"widget\" data-e-type=\"widget\" data-widget_type=\"heading.default\">\n\t\t\t\t<div class=\"elementor-widget-container\">\n\t\t\t\t\t<h4 class=\"elementor-heading-title elementor-size-default\">Unser team<\/h4>\t\t\t\t<\/div>\n\t\t\t\t<\/div>\n\t\t\t\t<div class=\"elementor-element elementor-element-dd92e6b elementor-widget elementor-widget-text-editor\" data-id=\"dd92e6b\" data-element_type=\"widget\" data-e-type=\"widget\" data-widget_type=\"text-editor.default\">\n\t\t\t\t<div class=\"elementor-widget-container\">\n\t\t\t\t\t\t\t\t\t<p><strong>Enrico<\/strong> hat eine Leidenschaft f\u00fcr das Meer und arbeitet seit vielen Jahren im Bereich der Segelschule. 1995 entschloss er sich, eine Gesellschaft (Spazio Mare) zu gr\u00fcnden, die durch das Mieten von Booten anderen die M\u00f6glichkeit geben w\u00fcrde, unsere wunderbare Insel frei zu genie\u00dfen.<\/p><p>Seither hat sich der Verleih ausgeweitet: <a href=\"\/de\/boote\">Boote<\/a> und <a href=\"\/de\/schlauchboote\">Schlauchboote<\/a>, um allen W\u00fcnschen unserer Kunden entgegenzukommen; zum <a href=\"\/de\/segelboote\">Segelboote<\/a> haben wir einen Grand Soleil 40 Kabinenkreuzer, \u00dcber zuverl\u00e4ssige und uns vertraute Firmen, k\u00f6nnen wir f\u00fcr Sie aber auch gerne eine gr\u00f6\u00dfere Yacht mieten.<\/p><p>Au\u00dferdem haben wir noch andere qualifizierte und freundliche Mitarbeiter, die Ihnen gerne zur Verf\u00fcgung stehen.<\/p>\t\t\t\t\t\t\t\t<\/div>\n\t\t\t\t<\/div>\n\t\t\t\t\t<\/div>\n\t\t<\/div>\n\t\t\t\t\t<\/div>\n\t\t<\/section>\n\t\t\t\t\t<\/div>\n\t\t<\/div>\n\t\t\t\t\t<\/div>\n\t\t<\/section>\n\t\t\t\t<\/div>\n\t\t","protected":false},"excerpt":{"rendered":"<p>Unser team Enrico hat eine Leidenschaft f\u00fcr das Meer und arbeitet seit vielen Jahren im Bereich der Segelschule. 1995 entschloss er sich, eine Gesellschaft (Spazio Mare)<span class=\"excerpt-hellip\"> [\u2026]<\/span><\/p>\n","protected":false},"author":1,"featured_media":0,"parent":0,"menu_order":0,"comment_status":"closed","ping_status":"closed","template":"","meta":{"footnotes":""},"class_list":["post-721","page","type-page","status-publish","hentry"],"_links":{"self":[{"href":"https:\/\/www.spaziomare.it\/de\/wp-json\/wp\/v2\/pages\/721","targetHints":{"allow":["GET"]}}],"collection":[{"href":"https:\/\/www.spaziomare.it\/de\/wp-json\/wp\/v2\/pages"}],"about":[{"href":"https:\/\/www.spaziomare.it\/de\/wp-json\/wp\/v2\/types\/page"}],"author":[{"embeddable":true,"href":"https:\/\/www.spaziomare.it\/de\/wp-json\/wp\/v2\/users\/1"}],"replies":[{"embeddable":true,"href":"https:\/\/www.spaziomare.it\/de\/wp-json\/wp\/v2\/comments?post=721"}],"version-history":[{"count":5,"href":"https:\/\/www.spaziomare.it\/de\/wp-json\/wp\/v2\/pages\/721\/revisions"}],"predecessor-version":[{"id":889,"href":"https:\/\/www.spaziomare.it\/de\/wp-json\/wp\/v2\/pages\/721\/revisions\/889"}],"wp:attachment":[{"href":"https:\/\/www.spaziomare.it\/de\/wp-json\/wp\/v2\/media?parent=721"}],"curies":[{"name":"wp","href":"https:\/\/api.w.org\/{rel}","templated":true}]}}